{"id":177,"date":"2022-07-28T18:20:46","date_gmt":"2022-07-28T18:20:46","guid":{"rendered":"https:\/\/semnomeciateatro.com\/?page_id=177"},"modified":"2022-08-11T20:29:19","modified_gmt":"2022-08-11T20:29:19","slug":"contato","status":"publish","type":"page","link":"https:\/\/semnomeciateatro.com\/?page_id=177","title":{"rendered":"Contato"},"content":{"rendered":"\n<h2 class=\"wp-block-heading\"><strong>CONTATO<\/strong><font _mstmutation=\"1\" _msthash=\"1119092\"><\/h2>\n\n\n\n<div class=\"wp-block-columns is-layout-flex wp-container-core-columns-is-layout-28f84493 wp-block-columns-is-layout-flex\">\n<div class=\"wp-block-column is-layout-flow wp-block-column-is-layout-flow\" style=\"flex-basis:100%\">\n<div class=\"inherit-container-width wp-block-group is-layout-constrained wp-block-group-is-layout-constrained\"><div class=\"wp-block-group__inner-container\">\n<p><font _mstmutation=\"1\" _msthash=\"1135771\" _msttexthash=\"793702\"><font _mstmutation=\"1\" _msthash=\"793702\" _msttexthash=\"835861\">SEM NOME CIA TEATRO &#8211; CNPJ: 07.230.037\/0001-55 <\/font><\/font><\/p>\n\n\n\n<p><font _mstmutation=\"1\" _msthash=\"1135771\" _msttexthash=\"6279\"><font _mstmutation=\"1\" _msthash=\"4461444\" _msttexthash=\"3831841\">Avenida Jos\u00e9 Leandro da Cruz, Qd. 139, Lt. 17, setor Parque Amaz\u00f4nia, Goi\u00e2nia &#8211; Go 74.840<\/font>&#8211;<\/font><font _mstmutation=\"1\" _msthash=\"1033827\" _msttexthash=\"4639869\"><font _mstmutation=\"1\" _msthash=\"1117460\" _msttexthash=\"6411483\"><font _mstmutation=\"1\" _msthash=\"1135771\" _msttexthash=\"16185\">390  <\/font><\/font><\/font><\/p>\n\n\n\n<p><font _mstmutation=\"1\" _msthash=\"1117460\" _msttexthash=\"352352\"><font _mstmutation=\"1\" _msthash=\"1135771\" _msttexthash=\"334724\">Telefone: <\/font><\/font><font _mstmutation=\"1\" _msthash=\"1117460\" _msttexthash=\"6411483\"><font _mstmutation=\"1\" _msthash=\"1135771\" _msttexthash=\"334724\">(<\/font><\/font><font _mstmutation=\"1\" _msthash=\"1117460\" _msttexthash=\"114218\"><font _mstmutation=\"1\" _msthash=\"1135771\" _msttexthash=\"334724\">62<\/font><font _mstmutation=\"1\" _msthash=\"1135771\" _msttexthash=\"317707\">)<\/font><font _mstmutation=\"1\" _msthash=\"1135771\" _msttexthash=\"68328\"> 98464<\/font><font _mstmutation=\"1\" _msthash=\"1135771\" _msttexthash=\"334724\">&#8211;<\/font><font _mstmutation=\"1\" _msthash=\"1135771\" _msttexthash=\"68328\">289<\/font><\/font><font _mstmutation=\"1\" _msthash=\"1117460\" _msttexthash=\"102115\"><font _mstmutation=\"1\" _msthash=\"1135771\" _msttexthash=\"334724\">1<\/font><\/font><\/p>\n\n\n\n<p>E-mail: contato@semnomeciateatro.com&nbsp;<font _mstmutation=\"1\" _msthash=\"1117883\"><\/font><\/p>\n<\/div><\/div>\n<\/div>\n<\/div>\n\n\n\n<h3 class=\"wp-block-heading\"><font _mstmutation=\"1\" _msthash=\"975625\" _msttexthash=\"7462\"><strong>REDES SOCIAIS<\/strong><\/font><font _mstmutation=\"1\" _msthash=\"975624\"><\/font><\/h3>\n\n\n\n<div class=\"inherit-container-width wp-block-group is-layout-constrained wp-block-group-is-layout-constrained\"><div class=\"wp-block-group__inner-container\">\n<p>Canal no YouTube &#8211; &nbsp;<a _msthash=\"1066443\" _msttexthash=\"302926\" href=\"http:\/\/youtube.com\/semnomeciateatro\" target=\"_blank\" rel=\"noopener\">SemNomeCiaTeatro<\/a><font _mstmutation=\"1\" _msthash=\"1019500\"><\/font><\/p>\n\n\n\n<p><font _mstmutation=\"1\" _msthash=\"1018173\"><font _mstmutation=\"1\" _msthash=\"690416\" _msttexthash=\"31538\">Instagram &#8211; &nbsp; <\/font><a href=\"http:\/\/instagram.com\/semnomeciateatro\">semnomeciateatro<\/a><\/font><\/p>\n\n\n\n<p>Facebook &#8211; &nbsp; <font _mstmutation=\"1\" _msthash=\"1080721\" _msttexthash=\"578266\"><a _mstmutation=\"1\" _msthash=\"1080723\" _msttexthash=\"302926\" href=\"http:\/\/facebook.com\/semnomeciateatro\">Sem Nome Cia Teatro<\/a><\/font><font _mstmutation=\"1\" _msthash=\"1045878\"><\/font><\/p>\n<\/div><\/div>\n\n\n\n<div class=\"wp-block-columns is-layout-flex wp-container-core-columns-is-layout-28f84493 wp-block-columns-is-layout-flex\">\n<div class=\"wp-block-column is-layout-flow wp-block-column-is-layout-flow\" style=\"flex-basis:100%\"><\/div>\n<\/div>\n","protected":false},"excerpt":{"rendered":"<p>CONTATO SEM NOME CIA TEATRO &#8211; CNPJ: 07.230.037\/0001-55 Avenida Jos\u00e9 Leandro da Cruz, Qd. 139, Lt. 17, setor Parque Amaz\u00f4nia, Goi\u00e2nia &#8211; Go 74.840&#8211;390 Telefone: (62) 98464&#8211;2891 E-mail: contato@semnomeciateatro.com&nbsp; REDES SOCIAIS Canal no YouTube &#8211; &nbsp;SemNomeCiaTeatro Instagram &#8211; &nbsp; semnomeciateatro Facebook &#8211; &nbsp; Sem Nome Cia Teatro<\/p>\n","protected":false},"author":1,"featured_media":0,"parent":0,"menu_order":0,"comment_status":"closed","ping_status":"closed","template":"","meta":{"content-type":"","om_disable_all_campaigns":false,"_monsterinsights_skip_tracking":false,"_monsterinsights_sitenote_active":false,"_monsterinsights_sitenote_note":"","_monsterinsights_sitenote_category":0,"site-sidebar-layout":"default","site-content-layout":"","ast-site-content-layout":"default","site-content-style":"default","site-sidebar-style":"default","ast-global-header-display":"","ast-banner-title-visibility":"","ast-main-header-display":"","ast-hfb-above-header-display":"","ast-hfb-below-header-display":"","ast-hfb-mobile-header-display":"","site-post-title":"disabled","ast-breadcrumbs-content":"","ast-featured-img":"","footer-sml-layout":"","ast-disable-related-posts":"","theme-transparent-header-meta":"","adv-header-id-meta":"","stick-header-meta":"","header-above-stick-meta":"","header-main-stick-meta":"","header-below-stick-meta":"","astra-migrate-meta-layouts":"default","ast-page-background-enabled":"default","ast-page-background-meta":{"desktop":{"background-color":"var(--ast-global-color-4)","background-image":"","background-repeat":"repeat","background-position":"center center","background-size":"auto","background-attachment":"scroll","background-type":"","background-media":"","overlay-type":"","overlay-color":"","overlay-opacity":"","overlay-gradient":""},"tablet":{"background-color":"","background-image":"","background-repeat":"repeat","background-position":"center center","background-size":"auto","background-attachment":"scroll","background-type":"","background-media":"","overlay-type":"","overlay-color":"","overlay-opacity":"","overlay-gradient":""},"mobile":{"background-color":"","background-image":"","background-repeat":"repeat","background-position":"center center","background-size":"auto","background-attachment":"scroll","background-type":"","background-media":"","overlay-type":"","overlay-color":"","overlay-opacity":"","overlay-gradient":""}},"ast-content-background-meta":{"desktop":{"background-color":"var(--ast-global-color-5)","background-image":"","background-repeat":"repeat","background-position":"center center","background-size":"auto","background-attachment":"scroll","background-type":"","background-media":"","overlay-type":"","overlay-color":"","overlay-opacity":"","overlay-gradient":""},"tablet":{"background-color":"var(--ast-global-color-5)","background-image":"","background-repeat":"repeat","background-position":"center center","background-size":"auto","background-attachment":"scroll","background-type":"","background-media":"","overlay-type":"","overlay-color":"","overlay-opacity":"","overlay-gradient":""},"mobile":{"background-color":"var(--ast-global-color-5)","background-image":"","background-repeat":"repeat","background-position":"center center","background-size":"auto","background-attachment":"scroll","background-type":"","background-media":"","overlay-type":"","overlay-color":"","overlay-opacity":"","overlay-gradient":""}},"footnotes":""},"class_list":["post-177","page","type-page","status-publish","hentry"],"aioseo_notices":[],"_links":{"self":[{"href":"https:\/\/semnomeciateatro.com\/index.php?rest_route=\/wp\/v2\/pages\/177","targetHints":{"allow":["GET"]}}],"collection":[{"href":"https:\/\/semnomeciateatro.com\/index.php?rest_route=\/wp\/v2\/pages"}],"about":[{"href":"https:\/\/semnomeciateatro.com\/index.php?rest_route=\/wp\/v2\/types\/page"}],"author":[{"embeddable":true,"href":"https:\/\/semnomeciateatro.com\/index.php?rest_route=\/wp\/v2\/users\/1"}],"replies":[{"embeddable":true,"href":"https:\/\/semnomeciateatro.com\/index.php?rest_route=%2Fwp%2Fv2%2Fcomments&post=177"}],"version-history":[{"count":7,"href":"https:\/\/semnomeciateatro.com\/index.php?rest_route=\/wp\/v2\/pages\/177\/revisions"}],"predecessor-version":[{"id":425,"href":"https:\/\/semnomeciateatro.com\/index.php?rest_route=\/wp\/v2\/pages\/177\/revisions\/425"}],"wp:attachment":[{"href":"https:\/\/semnomeciateatro.com\/index.php?rest_route=%2Fwp%2Fv2%2Fmedia&parent=177"}],"curies":[{"name":"wp","href":"https:\/\/api.w.org\/{rel}","templated":true}]}}