{"id":176,"date":"2022-07-28T18:20:46","date_gmt":"2022-07-28T18:20:46","guid":{"rendered":"https:\/\/semnomeciateatro.com\/?page_id=176"},"modified":"2022-08-11T20:30:07","modified_gmt":"2022-08-11T20:30:07","slug":"parceria-e-fomentos","status":"publish","type":"page","link":"https:\/\/semnomeciateatro.com\/?page_id=176","title":{"rendered":"Parcerias e Fomentos"},"content":{"rendered":"\n<h2 class=\"wp-block-heading\"><font _mstmutation=\"1\" _msthash=\"1051986\">PARCERIAS<\/h2>\n\n\n\n<div class=\"inherit-container-width wp-block-group is-layout-constrained wp-block-group-is-layout-constrained\"><div class=\"wp-block-group__inner-container\">\n<p><font _mstmutation=\"1\" _msthash=\"1085214\" _msttexthash=\"34268039\">Entidades parceiras: Feteg, NoWaFit Academia, Oficina Cultural Geppetto, ONG En<\/font><font _mstmutation=\"1\" _msthash=\"1085214\">s<\/font><font _mstmutation=\"1\" _msthash=\"1085214\" _msttexthash=\"34268039\">inando Abra\u00e7ar, Sindjusti\u00e7a, Sindojus, Grupo de Teatro Arte e Fatos, Associa\u00e7\u00e3o Cultural Casa de Nazar\u00e9 e outras dezenas de artistas e coletivos de arte e cultura de Goi\u00e1s.&nbsp;<\/font><\/p>\n<\/div><\/div>\n\n\n\n<h2 class=\"wp-block-heading\"><font _mstmutation=\"1\" _msthash=\"1051986\">FOMENTOS<\/font><\/h2>\n\n\n\n<div class=\"inherit-container-width wp-block-group is-layout-constrained wp-block-group-is-layout-constrained\"><div class=\"wp-block-group__inner-container\">\n<p><font _mstmutation=\"1\" _msthash=\"1085214\">A <strong>Sem Nome Cia Teatro<\/strong> j\u00e1 aprovou v\u00e1rios projetos nas leis e mecanismos de cultura: LEI MUNICIPAL DE INCENTIVO \u00c0 CULTURA DE GOI\u00c2NIA, FUNDO DE ARTE E CULTURA DE GOI\u00c1S, LEI EMERGENCIAL ALDIR BLANC e PROGRAMA GOYAZES da Secult estadual.&nbsp;<\/font><\/p>\n<\/div><\/div>\n","protected":false},"excerpt":{"rendered":"<p>PARCERIAS Entidades parceiras: Feteg, NoWaFit Academia, Oficina Cultural Geppetto, ONG Ensinando Abra\u00e7ar, Sindjusti\u00e7a, Sindojus, Grupo de Teatro Arte e Fatos, Associa\u00e7\u00e3o Cultural Casa de Nazar\u00e9 e outras dezenas de artistas e coletivos de arte e cultura de Goi\u00e1s.&nbsp; FOMENTOS A Sem Nome Cia Teatro j\u00e1 aprovou v\u00e1rios projetos nas leis e mecanismos de cultura: LEI [&hellip;]<\/p>\n","protected":false},"author":1,"featured_media":0,"parent":0,"menu_order":0,"comment_status":"closed","ping_status":"closed","template":"","meta":{"content-type":"","om_disable_all_campaigns":false,"_monsterinsights_skip_tracking":false,"_monsterinsights_sitenote_active":false,"_monsterinsights_sitenote_note":"","_monsterinsights_sitenote_category":0,"site-sidebar-layout":"default","site-content-layout":"","ast-site-content-layout":"default","site-content-style":"default","site-sidebar-style":"default","ast-global-header-display":"","ast-banner-title-visibility":"","ast-main-header-display":"","ast-hfb-above-header-display":"","ast-hfb-below-header-display":"","ast-hfb-mobile-header-display":"","site-post-title":"disabled","ast-breadcrumbs-content":"","ast-featured-img":"","footer-sml-layout":"","ast-disable-related-posts":"","theme-transparent-header-meta":"","adv-header-id-meta":"","stick-header-meta":"","header-above-stick-meta":"","header-main-stick-meta":"","header-below-stick-meta":"","astra-migrate-meta-layouts":"default","ast-page-background-enabled":"default","ast-page-background-meta":{"desktop":{"background-color":"var(--ast-global-color-4)","background-image":"","background-repeat":"repeat","background-position":"center center","background-size":"auto","background-attachment":"scroll","background-type":"","background-media":"","overlay-type":"","overlay-color":"","overlay-opacity":"","overlay-gradient":""},"tablet":{"background-color":"","background-image":"","background-repeat":"repeat","background-position":"center center","background-size":"auto","background-attachment":"scroll","background-type":"","background-media":"","overlay-type":"","overlay-color":"","overlay-opacity":"","overlay-gradient":""},"mobile":{"background-color":"","background-image":"","background-repeat":"repeat","background-position":"center center","background-size":"auto","background-attachment":"scroll","background-type":"","background-media":"","overlay-type":"","overlay-color":"","overlay-opacity":"","overlay-gradient":""}},"ast-content-background-meta":{"desktop":{"background-color":"var(--ast-global-color-5)","background-image":"","background-repeat":"repeat","background-position":"center center","background-size":"auto","background-attachment":"scroll","background-type":"","background-media":"","overlay-type":"","overlay-color":"","overlay-opacity":"","overlay-gradient":""},"tablet":{"background-color":"var(--ast-global-color-5)","background-image":"","background-repeat":"repeat","background-position":"center center","background-size":"auto","background-attachment":"scroll","background-type":"","background-media":"","overlay-type":"","overlay-color":"","overlay-opacity":"","overlay-gradient":""},"mobile":{"background-color":"var(--ast-global-color-5)","background-image":"","background-repeat":"repeat","background-position":"center center","background-size":"auto","background-attachment":"scroll","background-type":"","background-media":"","overlay-type":"","overlay-color":"","overlay-opacity":"","overlay-gradient":""}},"footnotes":""},"class_list":["post-176","page","type-page","status-publish","hentry"],"aioseo_notices":[],"_links":{"self":[{"href":"https:\/\/semnomeciateatro.com\/index.php?rest_route=\/wp\/v2\/pages\/176","targetHints":{"allow":["GET"]}}],"collection":[{"href":"https:\/\/semnomeciateatro.com\/index.php?rest_route=\/wp\/v2\/pages"}],"about":[{"href":"https:\/\/semnomeciateatro.com\/index.php?rest_route=\/wp\/v2\/types\/page"}],"author":[{"embeddable":true,"href":"https:\/\/semnomeciateatro.com\/index.php?rest_route=\/wp\/v2\/users\/1"}],"replies":[{"embeddable":true,"href":"https:\/\/semnomeciateatro.com\/index.php?rest_route=%2Fwp%2Fv2%2Fcomments&post=176"}],"version-history":[{"count":5,"href":"https:\/\/semnomeciateatro.com\/index.php?rest_route=\/wp\/v2\/pages\/176\/revisions"}],"predecessor-version":[{"id":427,"href":"https:\/\/semnomeciateatro.com\/index.php?rest_route=\/wp\/v2\/pages\/176\/revisions\/427"}],"wp:attachment":[{"href":"https:\/\/semnomeciateatro.com\/index.php?rest_route=%2Fwp%2Fv2%2Fmedia&parent=176"}],"curies":[{"name":"wp","href":"https:\/\/api.w.org\/{rel}","templated":true}]}}