{"id":175,"date":"2022-07-28T18:20:46","date_gmt":"2022-07-28T18:20:46","guid":{"rendered":"https:\/\/semnomeciateatro.com\/?page_id=175"},"modified":"2022-08-30T23:30:05","modified_gmt":"2022-08-30T23:30:05","slug":"eventos","status":"publish","type":"page","link":"https:\/\/semnomeciateatro.com\/?page_id=175","title":{"rendered":"Eventos"},"content":{"rendered":"\n<h2 class=\"wp-block-heading\"><font _mstmutation=\"1\" _msthash=\"1093522\" _msttexthash=\"18551\"><strong>EVENTOS<\/strong><\/font><font _mstmutation=\"1\" _msthash=\"1093521\"><\/font><\/h2>\n\n\n\n<div style=\"height:18px\" aria-hidden=\"true\" class=\"wp-block-spacer\"><\/div>\n\n\n\n<h3 class=\"wp-block-heading\"><strong>CINE CLUBE<\/strong>\u00a0<font _mstmutation=\"1\" _msthash=\"1050818\"><\/h3>\n\n\n\n<div class=\"wp-block-columns is-layout-flex wp-container-core-columns-is-layout-28f84493 wp-block-columns-is-layout-flex\">\n<div class=\"wp-block-column is-layout-flow wp-block-column-is-layout-flow\" style=\"flex-basis:100%\">\n<figure class=\"wp-block-gallery alignleft has-nested-images columns-default is-cropped wp-block-gallery-1 is-layout-flex wp-block-gallery-is-layout-flex\">\n<figure class=\"wp-block-image size-large\"><img fetchpriority=\"high\" decoding=\"async\" width=\"1080\" height=\"1080\" data-id=\"441\" src=\"http:\/\/semnomeciateatro.com\/wp-content\/uploads\/2022\/08\/WhatsApp-Image-2022-08-30-at-13.29.19-1.jpeg\" alt=\"\" class=\"wp-image-441\" srcset=\"https:\/\/semnomeciateatro.com\/wp-content\/uploads\/2022\/08\/WhatsApp-Image-2022-08-30-at-13.29.19-1.jpeg 1080w, https:\/\/semnomeciateatro.com\/wp-content\/uploads\/2022\/08\/WhatsApp-Image-2022-08-30-at-13.29.19-1-300x300.jpeg 300w, https:\/\/semnomeciateatro.com\/wp-content\/uploads\/2022\/08\/WhatsApp-Image-2022-08-30-at-13.29.19-1-1024x1024.jpeg 1024w, https:\/\/semnomeciateatro.com\/wp-content\/uploads\/2022\/08\/WhatsApp-Image-2022-08-30-at-13.29.19-1-150x150.jpeg 150w, https:\/\/semnomeciateatro.com\/wp-content\/uploads\/2022\/08\/WhatsApp-Image-2022-08-30-at-13.29.19-1-768x768.jpeg 768w\" sizes=\"(max-width: 1080px) 100vw, 1080px\" \/><figcaption>PARKINSON E AGORA?<\/figcaption><\/figure>\n<\/figure>\n<\/div>\n<\/div>\n\n\n\n<h3 class=\"wp-block-heading\"><font _mstmutation=\"1\" _msthash=\"991250\"><strong>I MOSTRA CULTURAL CERES em 2018 \u2013 no Centro Cultural Municipal<\/strong><\/font><\/h3>\n\n\n\n<p><font _mstmutation=\"1\" _msthash=\"39968292\" _msttexthash=\"40146730\">A Mostra compreendeu: 10 espet\u00e1culos c\u00eanicos convidados de teatro, circo e dan\u00e7a; 03 oficinas de circo, dan\u00e7a e teatro; 01 oficina de reaproveitamento de banners para fazimento de sacolas; V\u00e1rias atra\u00e7\u00f5es de artistas locais; Mais de 4.800 espectadores.&nbsp;<\/font><font _mstmutation=\"1\" _msthash=\"0\"><\/font><\/p>\n\n\n\n<div style=\"height:18px\" aria-hidden=\"true\" class=\"wp-block-spacer\"><\/div>\n\n\n\n<figure class=\"wp-block-gallery has-nested-images columns-default is-cropped wp-block-gallery-2 is-layout-flex wp-block-gallery-is-layout-flex\">\n\n<figure class=\"wp-block-image size-large\"><img decoding=\"async\" width=\"960\" height=\"640\" data-id=\"387\" src=\"http:\/\/semnomeciateatro.com\/wp-content\/uploads\/2022\/08\/photo_5138937243522673156_y.jpg\" alt=\"\" class=\"wp-image-387\" srcset=\"https:\/\/semnomeciateatro.com\/wp-content\/uploads\/2022\/08\/photo_5138937243522673156_y.jpg 960w, https:\/\/semnomeciateatro.com\/wp-content\/uploads\/2022\/08\/photo_5138937243522673156_y-300x200.jpg 300w, https:\/\/semnomeciateatro.com\/wp-content\/uploads\/2022\/08\/photo_5138937243522673156_y-768x512.jpg 768w\" sizes=\"(max-width: 960px) 100vw, 960px\" \/><\/figure>\n\n\n<figure class=\"wp-block-image size-large\"><img decoding=\"async\" width=\"1280\" height=\"1280\" data-id=\"435\" src=\"http:\/\/semnomeciateatro.com\/wp-content\/uploads\/2022\/08\/photo_5138937243522673162_y.jpg\" alt=\"\" class=\"wp-image-435\" srcset=\"https:\/\/semnomeciateatro.com\/wp-content\/uploads\/2022\/08\/photo_5138937243522673162_y.jpg 1280w, https:\/\/semnomeciateatro.com\/wp-content\/uploads\/2022\/08\/photo_5138937243522673162_y-300x300.jpg 300w, https:\/\/semnomeciateatro.com\/wp-content\/uploads\/2022\/08\/photo_5138937243522673162_y-1024x1024.jpg 1024w, https:\/\/semnomeciateatro.com\/wp-content\/uploads\/2022\/08\/photo_5138937243522673162_y-150x150.jpg 150w, https:\/\/semnomeciateatro.com\/wp-content\/uploads\/2022\/08\/photo_5138937243522673162_y-768x768.jpg 768w\" sizes=\"(max-width: 1280px) 100vw, 1280px\" \/><\/figure>\n\n\n<figure class=\"wp-block-image size-large\"><img loading=\"lazy\" decoding=\"async\" width=\"960\" height=\"640\" data-id=\"389\" src=\"http:\/\/semnomeciateatro.com\/wp-content\/uploads\/2022\/08\/photo_5138937243522673158_y.jpg\" alt=\"\" class=\"wp-image-389\" srcset=\"https:\/\/semnomeciateatro.com\/wp-content\/uploads\/2022\/08\/photo_5138937243522673158_y.jpg 960w, https:\/\/semnomeciateatro.com\/wp-content\/uploads\/2022\/08\/photo_5138937243522673158_y-300x200.jpg 300w, https:\/\/semnomeciateatro.com\/wp-content\/uploads\/2022\/08\/photo_5138937243522673158_y-768x512.jpg 768w\" sizes=\"(max-width: 960px) 100vw, 960px\" \/><\/figure>\n\n\n<figure class=\"wp-block-image size-large\"><img loading=\"lazy\" decoding=\"async\" width=\"960\" height=\"640\" data-id=\"395\" src=\"http:\/\/semnomeciateatro.com\/wp-content\/uploads\/2022\/08\/photo_5138937243522673101_y.jpg\" alt=\"\" class=\"wp-image-395\" srcset=\"https:\/\/semnomeciateatro.com\/wp-content\/uploads\/2022\/08\/photo_5138937243522673101_y.jpg 960w, https:\/\/semnomeciateatro.com\/wp-content\/uploads\/2022\/08\/photo_5138937243522673101_y-300x200.jpg 300w, https:\/\/semnomeciateatro.com\/wp-content\/uploads\/2022\/08\/photo_5138937243522673101_y-768x512.jpg 768w\" sizes=\"(max-width: 960px) 100vw, 960px\" \/><\/figure>\n\n\n<figure class=\"wp-block-image size-large\"><img loading=\"lazy\" decoding=\"async\" width=\"960\" height=\"640\" data-id=\"394\" src=\"http:\/\/semnomeciateatro.com\/wp-content\/uploads\/2022\/08\/photo_5138937243522673099_y.jpg\" alt=\"\" class=\"wp-image-394\" srcset=\"https:\/\/semnomeciateatro.com\/wp-content\/uploads\/2022\/08\/photo_5138937243522673099_y.jpg 960w, https:\/\/semnomeciateatro.com\/wp-content\/uploads\/2022\/08\/photo_5138937243522673099_y-300x200.jpg 300w, https:\/\/semnomeciateatro.com\/wp-content\/uploads\/2022\/08\/photo_5138937243522673099_y-768x512.jpg 768w\" sizes=\"(max-width: 960px) 100vw, 960px\" \/><\/figure>\n\n\n<figure class=\"wp-block-image size-large\"><img loading=\"lazy\" decoding=\"async\" width=\"960\" height=\"640\" data-id=\"392\" src=\"http:\/\/semnomeciateatro.com\/wp-content\/uploads\/2022\/08\/photo_5138937243522673103_y.jpg\" alt=\"\" class=\"wp-image-392\" srcset=\"https:\/\/semnomeciateatro.com\/wp-content\/uploads\/2022\/08\/photo_5138937243522673103_y.jpg 960w, https:\/\/semnomeciateatro.com\/wp-content\/uploads\/2022\/08\/photo_5138937243522673103_y-300x200.jpg 300w, https:\/\/semnomeciateatro.com\/wp-content\/uploads\/2022\/08\/photo_5138937243522673103_y-768x512.jpg 768w\" sizes=\"(max-width: 960px) 100vw, 960px\" \/><\/figure>\n\n\n<figure class=\"wp-block-image size-large\"><img loading=\"lazy\" decoding=\"async\" width=\"960\" height=\"640\" data-id=\"391\" src=\"http:\/\/semnomeciateatro.com\/wp-content\/uploads\/2022\/08\/photo_5138937243522673104_y.jpg\" alt=\"\" class=\"wp-image-391\" srcset=\"https:\/\/semnomeciateatro.com\/wp-content\/uploads\/2022\/08\/photo_5138937243522673104_y.jpg 960w, https:\/\/semnomeciateatro.com\/wp-content\/uploads\/2022\/08\/photo_5138937243522673104_y-300x200.jpg 300w, https:\/\/semnomeciateatro.com\/wp-content\/uploads\/2022\/08\/photo_5138937243522673104_y-768x512.jpg 768w\" sizes=\"(max-width: 960px) 100vw, 960px\" \/><\/figure>\n\n\n<figure class=\"wp-block-image size-large\"><img loading=\"lazy\" decoding=\"async\" width=\"720\" height=\"960\" data-id=\"390\" src=\"http:\/\/semnomeciateatro.com\/wp-content\/uploads\/2022\/08\/photo_5138937243522673159_y.jpg\" alt=\"\" class=\"wp-image-390\" srcset=\"https:\/\/semnomeciateatro.com\/wp-content\/uploads\/2022\/08\/photo_5138937243522673159_y.jpg 720w, https:\/\/semnomeciateatro.com\/wp-content\/uploads\/2022\/08\/photo_5138937243522673159_y-225x300.jpg 225w\" sizes=\"(max-width: 720px) 100vw, 720px\" \/><\/figure>\n\n\n<figure class=\"wp-block-image size-large\"><img loading=\"lazy\" decoding=\"async\" width=\"960\" height=\"640\" data-id=\"396\" src=\"http:\/\/semnomeciateatro.com\/wp-content\/uploads\/2022\/08\/photo_5138937243522673102_y.jpg\" alt=\"\" class=\"wp-image-396\" srcset=\"https:\/\/semnomeciateatro.com\/wp-content\/uploads\/2022\/08\/photo_5138937243522673102_y.jpg 960w, https:\/\/semnomeciateatro.com\/wp-content\/uploads\/2022\/08\/photo_5138937243522673102_y-300x200.jpg 300w, https:\/\/semnomeciateatro.com\/wp-content\/uploads\/2022\/08\/photo_5138937243522673102_y-768x512.jpg 768w\" sizes=\"(max-width: 960px) 100vw, 960px\" \/><\/figure>\n\n<figcaption class=\"blocks-gallery-caption\"><font _mstmutation=\"1\" _msthash=\"615693\"><\/figcaption><\/figure>\n\n\n\n<div class=\"wp-block-columns is-layout-flex wp-container-core-columns-is-layout-28f84493 wp-block-columns-is-layout-flex\">\n<div class=\"wp-block-column is-layout-flow wp-block-column-is-layout-flow\" style=\"flex-basis:100%\">\n<figure class=\"wp-block-video alignleft\"><video height=\"220\" style=\"aspect-ratio: 400 \/ 220;\" width=\"400\" controls src=\"http:\/\/semnomeciateatro.com\/wp-content\/uploads\/2022\/08\/1a-Mostra-PUBLICO-ENTRANDO.mp4\"><\/video><\/figure>\n<\/div>\n<\/div>\n\n\n\n<div class=\"wp-block-columns is-layout-flex wp-container-core-columns-is-layout-28f84493 wp-block-columns-is-layout-flex\">\n<div class=\"wp-block-column is-layout-flow wp-block-column-is-layout-flow\" style=\"flex-basis:100%\">\n<figure class=\"wp-block-embed alignleft is-type-video is-provider-youtube wp-block-embed-youtube wp-embed-aspect-16-9 wp-has-aspect-ratio\"><div class=\"wp-block-embed__wrapper\">\n<iframe title=\"FEIRA \/ MOSTRA CULTURA CERES - 2018\" width=\"500\" height=\"281\" src=\"https:\/\/www.youtube.com\/embed\/YYxj_Rr8Ot8?feature=oembed\" frameborder=\"0\" allow=\"accelerometer; autoplay; clipboard-write; encrypted-media; gyroscope; picture-in-picture; web-share\" referrerpolicy=\"strict-origin-when-cross-origin\" allowfullscreen><\/iframe>\n<\/div><\/figure>\n<\/div>\n<\/div>\n\n\n\n<div style=\"height:21px\" aria-hidden=\"true\" class=\"wp-block-spacer\"><\/div>\n\n\n\n<h3 class=\"wp-block-heading\"><font _mstmutation=\"1\" _msthash=\"991250\"><strong>II MOSTRA CULTURAL CERES em 2022 \u2013 no IF Goiano Campus Ceres<\/strong><\/font><\/h3>\n\n\n\n<figure class=\"wp-block-gallery has-nested-images columns-default is-cropped wp-block-gallery-3 is-layout-flex wp-block-gallery-is-layout-flex\">\n<figure class=\"wp-block-image size-large\"><img loading=\"lazy\" decoding=\"async\" width=\"1080\" height=\"1080\" data-id=\"437\" src=\"http:\/\/semnomeciateatro.com\/wp-content\/uploads\/2022\/08\/photo_5138937243522673161_y.jpg\" alt=\"\" class=\"wp-image-437\" srcset=\"https:\/\/semnomeciateatro.com\/wp-content\/uploads\/2022\/08\/photo_5138937243522673161_y.jpg 1080w, https:\/\/semnomeciateatro.com\/wp-content\/uploads\/2022\/08\/photo_5138937243522673161_y-300x300.jpg 300w, https:\/\/semnomeciateatro.com\/wp-content\/uploads\/2022\/08\/photo_5138937243522673161_y-1024x1024.jpg 1024w, https:\/\/semnomeciateatro.com\/wp-content\/uploads\/2022\/08\/photo_5138937243522673161_y-150x150.jpg 150w, https:\/\/semnomeciateatro.com\/wp-content\/uploads\/2022\/08\/photo_5138937243522673161_y-768x768.jpg 768w\" sizes=\"(max-width: 1080px) 100vw, 1080px\" \/><\/figure>\n\n\n\n<figure class=\"wp-block-image size-large\"><img loading=\"lazy\" decoding=\"async\" width=\"1080\" height=\"1080\" data-id=\"436\" src=\"http:\/\/semnomeciateatro.com\/wp-content\/uploads\/2022\/08\/photo_5138937243522673160_y.jpg\" alt=\"\" class=\"wp-image-436\" srcset=\"https:\/\/semnomeciateatro.com\/wp-content\/uploads\/2022\/08\/photo_5138937243522673160_y.jpg 1080w, https:\/\/semnomeciateatro.com\/wp-content\/uploads\/2022\/08\/photo_5138937243522673160_y-300x300.jpg 300w, https:\/\/semnomeciateatro.com\/wp-content\/uploads\/2022\/08\/photo_5138937243522673160_y-1024x1024.jpg 1024w, https:\/\/semnomeciateatro.com\/wp-content\/uploads\/2022\/08\/photo_5138937243522673160_y-150x150.jpg 150w, https:\/\/semnomeciateatro.com\/wp-content\/uploads\/2022\/08\/photo_5138937243522673160_y-768x768.jpg 768w\" sizes=\"(max-width: 1080px) 100vw, 1080px\" \/><\/figure>\n<\/figure>\n\n\n\n<h3 class=\"wp-block-heading\"><font _mstmutation=\"1\" _msthash=\"991250\"><strong><strong>OUTROS<\/strong>&nbsp;<\/strong><\/font><\/h3>\n\n\n\n<p><font _mstmutation=\"1\" _msthash=\"56412304\" _msttexthash=\"56412304\">A Sem Nome \u00e9 tamb\u00e9m parceira e colabora na realiza\u00e7\u00e3o de eventos de outras institui\u00e7\u00f5es. Com a Feteg auxiliou na realiza\u00e7\u00e3o de dezenas<\/font>: festivais de teatro, festivais de cenas curtas, festivais de poesia encenada, festivais de teatro estudantil, festivais de teatro comunit\u00e1rio, festivais de mon\u00f3logos, congressos e mostras. <br>Colaborou com a Oficina Cultural Geppetto na realiza\u00e7\u00e3o de mais de dez edi\u00e7\u00f5es da Mostra de Teatro de Rua &#8220;Galhofada&#8221; e burburinho cultural.<\/p>\n\n\n\n<div class=\"wp-block-columns is-layout-flex wp-container-core-columns-is-layout-28f84493 wp-block-columns-is-layout-flex\">\n<div class=\"wp-block-column is-layout-flow wp-block-column-is-layout-flow\" style=\"flex-basis:100%\">\n<figure class=\"wp-block-gallery aligncenter has-nested-images columns-default is-cropped wp-block-gallery-4 is-layout-flex wp-block-gallery-is-layout-flex\">\n<figure class=\"wp-block-image size-large\"><img loading=\"lazy\" decoding=\"async\" width=\"768\" height=\"1024\" data-id=\"385\" src=\"http:\/\/semnomeciateatro.com\/wp-content\/uploads\/2022\/08\/photo_5138937243522673165_y.jpg\" alt=\"\" class=\"wp-image-385\" srcset=\"https:\/\/semnomeciateatro.com\/wp-content\/uploads\/2022\/08\/photo_5138937243522673165_y.jpg 768w, https:\/\/semnomeciateatro.com\/wp-content\/uploads\/2022\/08\/photo_5138937243522673165_y-225x300.jpg 225w\" sizes=\"(max-width: 768px) 100vw, 768px\" \/><figcaption>GALHOFADA<\/figcaption><\/figure>\n\n\n\n<figure class=\"wp-block-image size-large\"><img loading=\"lazy\" decoding=\"async\" width=\"960\" height=\"638\" data-id=\"386\" src=\"http:\/\/semnomeciateatro.com\/wp-content\/uploads\/2022\/08\/photo_5138937243522673164_y.jpg\" alt=\"\" class=\"wp-image-386\" srcset=\"https:\/\/semnomeciateatro.com\/wp-content\/uploads\/2022\/08\/photo_5138937243522673164_y.jpg 960w, https:\/\/semnomeciateatro.com\/wp-content\/uploads\/2022\/08\/photo_5138937243522673164_y-300x199.jpg 300w, https:\/\/semnomeciateatro.com\/wp-content\/uploads\/2022\/08\/photo_5138937243522673164_y-768x510.jpg 768w\" sizes=\"(max-width: 960px) 100vw, 960px\" \/><figcaption>GALHOFADA<\/figcaption><\/figure>\n\n\n\n<figure class=\"wp-block-image size-large\"><img loading=\"lazy\" decoding=\"async\" width=\"768\" height=\"1024\" data-id=\"380\" src=\"http:\/\/semnomeciateatro.com\/wp-content\/uploads\/2022\/08\/photo_5138937243522673171_y.jpg\" alt=\"\" class=\"wp-image-380\" srcset=\"https:\/\/semnomeciateatro.com\/wp-content\/uploads\/2022\/08\/photo_5138937243522673171_y.jpg 768w, https:\/\/semnomeciateatro.com\/wp-content\/uploads\/2022\/08\/photo_5138937243522673171_y-225x300.jpg 225w\" sizes=\"(max-width: 768px) 100vw, 768px\" \/><figcaption>GALHOFADA<\/figcaption><\/figure>\n\n\n\n<figure class=\"wp-block-image size-large\"><img loading=\"lazy\" decoding=\"async\" width=\"960\" height=\"638\" data-id=\"402\" src=\"http:\/\/semnomeciateatro.com\/wp-content\/uploads\/2022\/08\/photo_5138937243522673105_y.jpg\" alt=\"\" class=\"wp-image-402\" srcset=\"https:\/\/semnomeciateatro.com\/wp-content\/uploads\/2022\/08\/photo_5138937243522673105_y.jpg 960w, https:\/\/semnomeciateatro.com\/wp-content\/uploads\/2022\/08\/photo_5138937243522673105_y-300x199.jpg 300w, https:\/\/semnomeciateatro.com\/wp-content\/uploads\/2022\/08\/photo_5138937243522673105_y-768x510.jpg 768w\" sizes=\"(max-width: 960px) 100vw, 960px\" \/><figcaption>OFICINAS GRATUITAS<\/figcaption><\/figure>\n\n\n\n<figure class=\"wp-block-image size-large\"><img loading=\"lazy\" decoding=\"async\" width=\"1280\" height=\"850\" data-id=\"401\" src=\"http:\/\/semnomeciateatro.com\/wp-content\/uploads\/2022\/08\/photo_5138937243522673106_y.jpg\" alt=\"\" class=\"wp-image-401\" srcset=\"https:\/\/semnomeciateatro.com\/wp-content\/uploads\/2022\/08\/photo_5138937243522673106_y.jpg 1280w, https:\/\/semnomeciateatro.com\/wp-content\/uploads\/2022\/08\/photo_5138937243522673106_y-300x199.jpg 300w, https:\/\/semnomeciateatro.com\/wp-content\/uploads\/2022\/08\/photo_5138937243522673106_y-1024x680.jpg 1024w, https:\/\/semnomeciateatro.com\/wp-content\/uploads\/2022\/08\/photo_5138937243522673106_y-768x510.jpg 768w\" sizes=\"(max-width: 1280px) 100vw, 1280px\" \/><figcaption>OFICINAS GRATUITAS<\/figcaption><\/figure>\n\n\n\n<figure class=\"wp-block-image size-large\"><img loading=\"lazy\" decoding=\"async\" width=\"1280\" height=\"850\" data-id=\"399\" src=\"http:\/\/semnomeciateatro.com\/wp-content\/uploads\/2022\/08\/photo_5138937243522673108_y.jpg\" alt=\"\" class=\"wp-image-399\" srcset=\"https:\/\/semnomeciateatro.com\/wp-content\/uploads\/2022\/08\/photo_5138937243522673108_y.jpg 1280w, https:\/\/semnomeciateatro.com\/wp-content\/uploads\/2022\/08\/photo_5138937243522673108_y-300x199.jpg 300w, https:\/\/semnomeciateatro.com\/wp-content\/uploads\/2022\/08\/photo_5138937243522673108_y-1024x680.jpg 1024w, https:\/\/semnomeciateatro.com\/wp-content\/uploads\/2022\/08\/photo_5138937243522673108_y-768x510.jpg 768w\" sizes=\"(max-width: 1280px) 100vw, 1280px\" \/><figcaption>OFICINAS GRATUITAS<\/figcaption><\/figure>\n<\/figure>\n<\/div>\n<\/div>\n","protected":false},"excerpt":{"rendered":"<p>EVENTOS CINE CLUBE\u00a0 I MOSTRA CULTURAL CERES em 2018 \u2013 no Centro Cultural Municipal A Mostra compreendeu: 10 espet\u00e1culos c\u00eanicos convidados de teatro, circo e dan\u00e7a; 03 oficinas de circo, dan\u00e7a e teatro; 01 oficina de reaproveitamento de banners para fazimento de sacolas; V\u00e1rias atra\u00e7\u00f5es de artistas locais; Mais de 4.800 espectadores.&nbsp; II MOSTRA CULTURAL [&hellip;]<\/p>\n","protected":false},"author":1,"featured_media":0,"parent":0,"menu_order":0,"comment_status":"closed","ping_status":"closed","template":"","meta":{"content-type":"","om_disable_all_campaigns":false,"_monsterinsights_skip_tracking":false,"_monsterinsights_sitenote_active":false,"_monsterinsights_sitenote_note":"","_monsterinsights_sitenote_category":0,"site-sidebar-layout":"default","site-content-layout":"","ast-site-content-layout":"default","site-content-style":"default","site-sidebar-style":"default","ast-global-header-display":"","ast-banner-title-visibility":"","ast-main-header-display":"","ast-hfb-above-header-display":"","ast-hfb-below-header-display":"","ast-hfb-mobile-header-display":"","site-post-title":"disabled","ast-breadcrumbs-content":"","ast-featured-img":"","footer-sml-layout":"","ast-disable-related-posts":"","theme-transparent-header-meta":"","adv-header-id-meta":"","stick-header-meta":"","header-above-stick-meta":"","header-main-stick-meta":"","header-below-stick-meta":"","astra-migrate-meta-layouts":"default","ast-page-background-enabled":"default","ast-page-background-meta":{"desktop":{"background-color":"var(--ast-global-color-4)","background-image":"","background-repeat":"repeat","background-position":"center center","background-size":"auto","background-attachment":"scroll","background-type":"","background-media":"","overlay-type":"","overlay-color":"","overlay-opacity":"","overlay-gradient":""},"tablet":{"background-color":"","background-image":"","background-repeat":"repeat","background-position":"center center","background-size":"auto","background-attachment":"scroll","background-type":"","background-media":"","overlay-type":"","overlay-color":"","overlay-opacity":"","overlay-gradient":""},"mobile":{"background-color":"","background-image":"","background-repeat":"repeat","background-position":"center center","background-size":"auto","background-attachment":"scroll","background-type":"","background-media":"","overlay-type":"","overlay-color":"","overlay-opacity":"","overlay-gradient":""}},"ast-content-background-meta":{"desktop":{"background-color":"var(--ast-global-color-5)","background-image":"","background-repeat":"repeat","background-position":"center center","background-size":"auto","background-attachment":"scroll","background-type":"","background-media":"","overlay-type":"","overlay-color":"","overlay-opacity":"","overlay-gradient":""},"tablet":{"background-color":"var(--ast-global-color-5)","background-image":"","background-repeat":"repeat","background-position":"center center","background-size":"auto","background-attachment":"scroll","background-type":"","background-media":"","overlay-type":"","overlay-color":"","overlay-opacity":"","overlay-gradient":""},"mobile":{"background-color":"var(--ast-global-color-5)","background-image":"","background-repeat":"repeat","background-position":"center center","background-size":"auto","background-attachment":"scroll","background-type":"","background-media":"","overlay-type":"","overlay-color":"","overlay-opacity":"","overlay-gradient":""}},"footnotes":""},"class_list":["post-175","page","type-page","status-publish","hentry"],"aioseo_notices":[],"_links":{"self":[{"href":"https:\/\/semnomeciateatro.com\/index.php?rest_route=\/wp\/v2\/pages\/175","targetHints":{"allow":["GET"]}}],"collection":[{"href":"https:\/\/semnomeciateatro.com\/index.php?rest_route=\/wp\/v2\/pages"}],"about":[{"href":"https:\/\/semnomeciateatro.com\/index.php?rest_route=\/wp\/v2\/types\/page"}],"author":[{"embeddable":true,"href":"https:\/\/semnomeciateatro.com\/index.php?rest_route=\/wp\/v2\/users\/1"}],"replies":[{"embeddable":true,"href":"https:\/\/semnomeciateatro.com\/index.php?rest_route=%2Fwp%2Fv2%2Fcomments&post=175"}],"version-history":[{"count":17,"href":"https:\/\/semnomeciateatro.com\/index.php?rest_route=\/wp\/v2\/pages\/175\/revisions"}],"predecessor-version":[{"id":443,"href":"https:\/\/semnomeciateatro.com\/index.php?rest_route=\/wp\/v2\/pages\/175\/revisions\/443"}],"wp:attachment":[{"href":"https:\/\/semnomeciateatro.com\/index.php?rest_route=%2Fwp%2Fv2%2Fmedia&parent=175"}],"curies":[{"name":"wp","href":"https:\/\/api.w.org\/{rel}","templated":true}]}}