{"id":173,"date":"2022-07-28T18:20:46","date_gmt":"2022-07-28T18:20:46","guid":{"rendered":"https:\/\/semnomeciateatro.com\/?page_id=173"},"modified":"2022-08-11T21:00:06","modified_gmt":"2022-08-11T21:00:06","slug":"sobre-nos","status":"publish","type":"page","link":"https:\/\/semnomeciateatro.com\/?page_id=173","title":{"rendered":"Sobre n\u00f3s"},"content":{"rendered":"\n<h1 class=\"wp-block-heading\">SOBRE N\u00d3S<\/h1>\n\n\n\n<h2 class=\"wp-block-heading\">A SEM NOME CIA TEATRO<font _mstmutation=\"1\" _msthash=\"1025037\"><\/h2>\n\n\n\n<pre class=\"wp-block-preformatted\"><span style=\"font-family: &quot;DM Sans&quot;, sans-serif; font-size: 1rem; background-color: inherit;\">A <strong>SemNome CiaTeatro<\/strong> \u00e9 uma associa\u00e7\u00e3o cultural sem fins lucrativos, fundada em 1998. Atua no fazer art\u00edstico e teatral em Goi\u00e1s. \u00c9 filiada \u00e0 FETEG desde sua funda\u00e7\u00e3o. \u00c9 declarada de Utilidade P\u00fablica Municipal e Estadual. Tem sede e teatro de bolso: um espa\u00e7o de cria\u00e7\u00e3o, pesquisa, ensaios, montagens e apresenta\u00e7\u00f5es. Possui elenco e equipe fixas, al\u00e9m de agregar artistas convidados em diversas montagens. Possui em seu repert\u00f3rio 04 espet\u00e1culos c\u00eanicos que estrearam em 2013 e que j\u00e1 realizaram centenas de apresenta\u00e7\u00f5es em Goi\u00e2nia, em Goi\u00e1s e em outros estados. Est\u00e1 em processo de montagem de um espet\u00e1culo infantil \"Quero Ser Palha\u00e7o\". J\u00e1 foi premiada em festivais nacionais e regionais. Recebeu comendas, diplomas de m\u00e9rito cultural. Participou de 02 edi\u00e7\u00f5es do Festival U\u00e7\u00fa... da FETEG. \u00c9 parceira da Mostra Galhofada e colaborou na realiza\u00e7\u00e3o de 10 edi\u00e7\u00f5es. \u00c9 parceira da FETEG na realiza\u00e7\u00e3o de mais de 20 edi\u00e7\u00f5es de festivais de teatro, cenas curtas, poesia encenada, teatro comunit\u00e1rio e teatro estudantil. Realizou duas Mostras Culturais. Realiza oficinas de forma\u00e7\u00e3o gratuitas para a comunidade. J\u00e1 aprovou 08 projetos junto ao FAC GOI\u00c1S, 02 projetos no Programa GOYAZES e 04 projetos na Lei Municipal de Incentivo \u00e0 Cultura de Goi\u00e2nia. Recebeu dois pr\u00eamios\/aux\u00edlios da Lei ALDIR BLANC municipal.<\/span><p><font _mstmutation=\"1\" _msthash=\"1046282\"><\/p><\/pre>\n\n\n\n<h2 class=\"wp-block-heading\"><font _mstmutation=\"1\" _msthash=\"1104597\"><font _mstmutation=\"1\" _msthash=\"1104603\" _msttexthash=\"6279\">E<\/font><font _mstmutation=\"1\" _msthash=\"1104604\" _msttexthash=\"6916\">L<\/font><font _mstmutation=\"1\" _msthash=\"1104605\" _msttexthash=\"6279\">E<\/font><font _mstmutation=\"1\" _msthash=\"1104606\" _msttexthash=\"7098\">N<\/font><font _mstmutation=\"1\" _msthash=\"1104607\" _msttexthash=\"14313\">C<\/font>O<\/font><\/h2>\n\n\n\n<ul class=\"wp-block-list\"><li><font _mstmutation=\"1\" _msthash=\"1094873\" _istranslated=\"1\"><font _mstmutation=\"1\" _msthash=\"1094874\" _msttexthash=\"3838198\" _istranslated=\"1\"><strong _istranslated=\"1\">Norval Berbari<\/strong> &#8211; ator, diretor art\u00edstico, produtor e presidente fundador da Cia;<\/font><\/font> <\/li><\/ul>\n\n\n\n<ul class=\"wp-block-list\"><li><font _mstmutation=\"1\" _msthash=\"1094874\" _msttexthash=\"142203516\"><strong _istranslated=\"1\">Nat\u00e1lia Melo<\/strong> &#8211; produtora e vice-presidente da Cia; <\/font><\/li><\/ul>\n\n\n\n<ul class=\"wp-block-list\"><li><font _mstmutation=\"1\" _msthash=\"1094874\" _msttexthash=\"142203516\"><strong>C\u00e1ssio Neves<\/strong> &#8211; ator da Cia em diversos trabalhos desde 2013; <\/font><\/li><\/ul>\n\n\n\n<ul class=\"wp-block-list\"><li><font _mstmutation=\"1\" _msthash=\"1094874\" _msttexthash=\"4216602\"><strong>Cristyanne Cabral<\/strong> &#8211; Professora de teatro e atriz da Cia em diversos trabalhos desde 2014;&nbsp;<\/font><\/li><\/ul>\n\n\n\n<ul class=\"wp-block-list\"><li><font _mstmutation=\"1\" _msthash=\"1094874\" _msttexthash=\"142203516\"><strong>Mel Gon\u00e7alves <\/strong>&#8211; Atriz da Cia desde 2014; <\/font><\/li><\/ul>\n\n\n\n<ul class=\"wp-block-list\"><li><font _mstmutation=\"1\" _msthash=\"1094874\" _msttexthash=\"142203516\"><strong>Jenyffer Karla<\/strong> &#8211; Atriz da Cia desde 2014; <\/font><\/li><\/ul>\n\n\n\n<ul class=\"wp-block-list\"><li><font _mstmutation=\"1\" _msthash=\"1094874\" _msttexthash=\"142203516\"><strong>Sandro Freitas<\/strong> &#8211; Diretor e professor de teatro da Cia desde 2013; <\/font><\/li><\/ul>\n\n\n\n<p><font _mstmutation=\"1\" _msthash=\"1094874\" _msttexthash=\"142203516\"><strong>Outros atores que j\u00e1 trabalharam na Cia:<\/strong> Thiago Lopes, Waleriano Almeida, Juliana Hernandes, Renata Caetano, Wellington Dias, Adriana Brito, Marcelo di Castro, Marcelo Pedro, Cleber Sanvi\u00ea, Pablo Diego&#8230;<\/font><\/p>\n\n\n\n<div style=\"height:50px\" aria-hidden=\"true\" class=\"wp-block-spacer\"><\/div>\n\n\n\n<h2 class=\"wp-block-heading\"><font _mstmutation=\"1\" _msthash=\"1063530\">ESPET\u00c1CULOS C\u00caNICOS:<\/font><\/h2>\n\n\n\n<pre class=\"wp-block-preformatted\"><span style=\"font-family: &quot;DM Sans&quot;, sans-serif; font-size: 1rem; background-color: inherit;\">As Tias; Cei\u00e7\u00e3o e Quit\u00e9ria; O Vel\u00f3rio; Eu Nasci Mulher; Beleza Rara; Empatia e Resili\u00eancia; A Pl\u00e1stica Desnecess\u00e1ria; Geni e Distrito Zero.<\/span><p><font _mstmutation=\"1\" _msthash=\"1046282\"><\/p><\/pre>\n\n\n\n<h2 class=\"wp-block-heading\"><font _mstmutation=\"1\" _msthash=\"991081\">ESPET\u00c1CULOS DE REPERT\u00d3RIO:<\/font><\/h2>\n\n\n\n<pre class=\"wp-block-preformatted\"><span style=\"font-family: &quot;DM Sans&quot;, sans-serif; font-size: 1rem; background-color: inherit;\">Eu Nasci Mulher, A Pl\u00e1stica Desnecess\u00e1ria; Geni e Distrito Zero<\/span>. <p><font _mstmutation=\"1\" _msthash=\"1046282\"><\/p><font _mstmutation=\"1\" _msthash=\"1046282\"><font _mstmutation=\"1\" _msthash=\"1046282\"><font _mstmutation=\"1\" _msthash=\"955747\"><\/font><\/font><\/pre>\n","protected":false},"excerpt":{"rendered":"<p>SOBRE N\u00d3S A SEM NOME CIA TEATRO A SemNome CiaTeatro \u00e9 uma associa\u00e7\u00e3o cultural sem fins lucrativos, fundada em 1998. Atua no fazer art\u00edstico e teatral em Goi\u00e1s. \u00c9 filiada \u00e0 FETEG desde sua funda\u00e7\u00e3o. \u00c9 declarada de Utilidade P\u00fablica Municipal e Estadual. Tem sede e teatro de bolso: um espa\u00e7o de cria\u00e7\u00e3o, pesquisa, ensaios, [&hellip;]<\/p>\n","protected":false},"author":1,"featured_media":0,"parent":0,"menu_order":0,"comment_status":"closed","ping_status":"closed","template":"","meta":{"content-type":"","om_disable_all_campaigns":false,"_monsterinsights_skip_tracking":false,"_monsterinsights_sitenote_active":false,"_monsterinsights_sitenote_note":"","_monsterinsights_sitenote_category":0,"site-sidebar-layout":"default","site-content-layout":"","ast-site-content-layout":"default","site-content-style":"default","site-sidebar-style":"default","ast-global-header-display":"","ast-banner-title-visibility":"","ast-main-header-display":"","ast-hfb-above-header-display":"","ast-hfb-below-header-display":"","ast-hfb-mobile-header-display":"","site-post-title":"disabled","ast-breadcrumbs-content":"","ast-featured-img":"","footer-sml-layout":"","ast-disable-related-posts":"","theme-transparent-header-meta":"","adv-header-id-meta":"","stick-header-meta":"","header-above-stick-meta":"","header-main-stick-meta":"","header-below-stick-meta":"","astra-migrate-meta-layouts":"default","ast-page-background-enabled":"default","ast-page-background-meta":{"desktop":{"background-color":"var(--ast-global-color-4)","background-image":"","background-repeat":"repeat","background-position":"center center","background-size":"auto","background-attachment":"scroll","background-type":"","background-media":"","overlay-type":"","overlay-color":"","overlay-opacity":"","overlay-gradient":""},"tablet":{"background-color":"","background-image":"","background-repeat":"repeat","background-position":"center center","background-size":"auto","background-attachment":"scroll","background-type":"","background-media":"","overlay-type":"","overlay-color":"","overlay-opacity":"","overlay-gradient":""},"mobile":{"background-color":"","background-image":"","background-repeat":"repeat","background-position":"center center","background-size":"auto","background-attachment":"scroll","background-type":"","background-media":"","overlay-type":"","overlay-color":"","overlay-opacity":"","overlay-gradient":""}},"ast-content-background-meta":{"desktop":{"background-color":"var(--ast-global-color-5)","background-image":"","background-repeat":"repeat","background-position":"center center","background-size":"auto","background-attachment":"scroll","background-type":"","background-media":"","overlay-type":"","overlay-color":"","overlay-opacity":"","overlay-gradient":""},"tablet":{"background-color":"var(--ast-global-color-5)","background-image":"","background-repeat":"repeat","background-position":"center center","background-size":"auto","background-attachment":"scroll","background-type":"","background-media":"","overlay-type":"","overlay-color":"","overlay-opacity":"","overlay-gradient":""},"mobile":{"background-color":"var(--ast-global-color-5)","background-image":"","background-repeat":"repeat","background-position":"center center","background-size":"auto","background-attachment":"scroll","background-type":"","background-media":"","overlay-type":"","overlay-color":"","overlay-opacity":"","overlay-gradient":""}},"footnotes":""},"class_list":["post-173","page","type-page","status-publish","hentry"],"aioseo_notices":[],"_links":{"self":[{"href":"https:\/\/semnomeciateatro.com\/index.php?rest_route=\/wp\/v2\/pages\/173","targetHints":{"allow":["GET"]}}],"collection":[{"href":"https:\/\/semnomeciateatro.com\/index.php?rest_route=\/wp\/v2\/pages"}],"about":[{"href":"https:\/\/semnomeciateatro.com\/index.php?rest_route=\/wp\/v2\/types\/page"}],"author":[{"embeddable":true,"href":"https:\/\/semnomeciateatro.com\/index.php?rest_route=\/wp\/v2\/users\/1"}],"replies":[{"embeddable":true,"href":"https:\/\/semnomeciateatro.com\/index.php?rest_route=%2Fwp%2Fv2%2Fcomments&post=173"}],"version-history":[{"count":14,"href":"https:\/\/semnomeciateatro.com\/index.php?rest_route=\/wp\/v2\/pages\/173\/revisions"}],"predecessor-version":[{"id":433,"href":"https:\/\/semnomeciateatro.com\/index.php?rest_route=\/wp\/v2\/pages\/173\/revisions\/433"}],"wp:attachment":[{"href":"https:\/\/semnomeciateatro.com\/index.php?rest_route=%2Fwp%2Fv2%2Fmedia&parent=173"}],"curies":[{"name":"wp","href":"https:\/\/api.w.org\/{rel}","templated":true}]}}