{"id":148,"date":"2022-07-20T19:13:37","date_gmt":"2022-07-20T19:13:37","guid":{"rendered":"https:\/\/semnomeciateatro.com\/?page_id=148"},"modified":"2022-08-11T20:41:29","modified_gmt":"2022-08-11T20:41:29","slug":"pagina-inicial","status":"publish","type":"page","link":"https:\/\/semnomeciateatro.com\/","title":{"rendered":"P\u00e1gina Inicial"},"content":{"rendered":"\n<div class=\"wp-block-cover\" style=\"min-height:326px;aspect-ratio:unset;\"><span aria-hidden=\"true\" class=\"wp-block-cover__background has-background-dim\"><\/span><img fetchpriority=\"high\" decoding=\"async\" width=\"2560\" height=\"1707\" class=\"wp-block-cover__image-background wp-image-191\" alt=\"\" src=\"http:\/\/semnomeciateatro.com\/wp-content\/uploads\/2022\/07\/MG_8768-scaled.jpg\" data-object-fit=\"cover\" srcset=\"https:\/\/semnomeciateatro.com\/wp-content\/uploads\/2022\/07\/MG_8768-scaled.jpg 2560w, https:\/\/semnomeciateatro.com\/wp-content\/uploads\/2022\/07\/MG_8768-300x200.jpg 300w, https:\/\/semnomeciateatro.com\/wp-content\/uploads\/2022\/07\/MG_8768-1024x683.jpg 1024w, https:\/\/semnomeciateatro.com\/wp-content\/uploads\/2022\/07\/MG_8768-768x512.jpg 768w, https:\/\/semnomeciateatro.com\/wp-content\/uploads\/2022\/07\/MG_8768-1536x1024.jpg 1536w\" sizes=\"(max-width: 2560px) 100vw, 2560px\" \/><div class=\"wp-block-cover__inner-container is-layout-flow wp-block-cover-is-layout-flow\">\n<div class=\"inherit-container-width wp-block-group is-layout-constrained wp-block-group-is-layout-constrained\"><div class=\"wp-block-group__inner-container\">\n<p>A SemNome CiaTeatro \u00e9 uma associa\u00e7\u00e3o cultural sem fins lucrativos, fundada em 1998. Atua no fazer art\u00edstico e teatral em Goi\u00e1s. \u00c9 filiada a FETEG desde sua funda\u00e7\u00e3o. \u00c9 declarada de Utilidade P\u00fablica Municipal e Estadual. Possui sede e teatro de bolso &#8211; um espa\u00e7o de cria\u00e7\u00e3o, pesquisa, ensaios, montagens e apresenta\u00e7\u00f5es. Tem parceria com entidades, ONGs, empresas p\u00fablicas-privadas e art\u00edstico-culturais.<\/p>\n<\/div><\/div>\n<\/div><\/div>\n\n\n\n<div style=\"height:11px\" aria-hidden=\"true\" class=\"wp-block-spacer\"><\/div>\n\n\n\n<div class=\"wp-block-columns is-layout-flex wp-container-core-columns-is-layout-28f84493 wp-block-columns-is-layout-flex\">\n<div class=\"wp-block-column is-layout-flow wp-block-column-is-layout-flow\" style=\"flex-basis:100%\"><\/div>\n<\/div>\n\n\n\n<p class=\"has-text-align-center\"><font _mstmutation=\"1\" _msthash=\"1038882\">Utilize o menu superior para navegar e saber mais sobre nossos espet\u00e1culos, eventos, dentre outras informa\u00e7\u00f5es.<\/font><\/p>\n\n\n\n<div style=\"height:33px\" aria-hidden=\"true\" class=\"wp-block-spacer\"><\/div>\n\n\n\n<figure class=\"wp-block-gallery has-nested-images columns-default is-cropped wp-block-gallery-1 is-layout-flex wp-block-gallery-is-layout-flex\">\n<figure class=\"wp-block-image size-large\"><img decoding=\"async\" width=\"1580\" height=\"1080\" data-id=\"264\" src=\"http:\/\/semnomeciateatro.com\/wp-content\/uploads\/2022\/08\/2.png\" alt=\"\" class=\"wp-image-264\" srcset=\"https:\/\/semnomeciateatro.com\/wp-content\/uploads\/2022\/08\/2.png 1580w, https:\/\/semnomeciateatro.com\/wp-content\/uploads\/2022\/08\/2-300x205.png 300w, https:\/\/semnomeciateatro.com\/wp-content\/uploads\/2022\/08\/2-1024x700.png 1024w, https:\/\/semnomeciateatro.com\/wp-content\/uploads\/2022\/08\/2-768x525.png 768w, https:\/\/semnomeciateatro.com\/wp-content\/uploads\/2022\/08\/2-1536x1050.png 1536w\" sizes=\"(max-width: 1580px) 100vw, 1580px\" \/><\/figure>\n\n\n\n<figure class=\"wp-block-image size-large\"><img decoding=\"async\" width=\"1580\" height=\"1080\" data-id=\"263\" src=\"http:\/\/semnomeciateatro.com\/wp-content\/uploads\/2022\/08\/1.png\" alt=\"\" class=\"wp-image-263\" srcset=\"https:\/\/semnomeciateatro.com\/wp-content\/uploads\/2022\/08\/1.png 1580w, https:\/\/semnomeciateatro.com\/wp-content\/uploads\/2022\/08\/1-300x205.png 300w, https:\/\/semnomeciateatro.com\/wp-content\/uploads\/2022\/08\/1-1024x700.png 1024w, https:\/\/semnomeciateatro.com\/wp-content\/uploads\/2022\/08\/1-768x525.png 768w, https:\/\/semnomeciateatro.com\/wp-content\/uploads\/2022\/08\/1-1536x1050.png 1536w\" sizes=\"(max-width: 1580px) 100vw, 1580px\" \/><\/figure>\n\n\n\n<figure class=\"wp-block-image size-large\"><img loading=\"lazy\" decoding=\"async\" width=\"1580\" height=\"1080\" data-id=\"265\" src=\"http:\/\/semnomeciateatro.com\/wp-content\/uploads\/2022\/08\/3.png\" alt=\"\" class=\"wp-image-265\" srcset=\"https:\/\/semnomeciateatro.com\/wp-content\/uploads\/2022\/08\/3.png 1580w, https:\/\/semnomeciateatro.com\/wp-content\/uploads\/2022\/08\/3-300x205.png 300w, https:\/\/semnomeciateatro.com\/wp-content\/uploads\/2022\/08\/3-1024x700.png 1024w, https:\/\/semnomeciateatro.com\/wp-content\/uploads\/2022\/08\/3-768x525.png 768w, https:\/\/semnomeciateatro.com\/wp-content\/uploads\/2022\/08\/3-1536x1050.png 1536w\" sizes=\"(max-width: 1580px) 100vw, 1580px\" \/><\/figure>\n\n\n\n<figure class=\"wp-block-image size-large\"><img loading=\"lazy\" decoding=\"async\" width=\"1580\" height=\"1080\" data-id=\"266\" src=\"http:\/\/semnomeciateatro.com\/wp-content\/uploads\/2022\/08\/4.png\" alt=\"\" class=\"wp-image-266\" srcset=\"https:\/\/semnomeciateatro.com\/wp-content\/uploads\/2022\/08\/4.png 1580w, https:\/\/semnomeciateatro.com\/wp-content\/uploads\/2022\/08\/4-300x205.png 300w, https:\/\/semnomeciateatro.com\/wp-content\/uploads\/2022\/08\/4-1024x700.png 1024w, https:\/\/semnomeciateatro.com\/wp-content\/uploads\/2022\/08\/4-768x525.png 768w, https:\/\/semnomeciateatro.com\/wp-content\/uploads\/2022\/08\/4-1536x1050.png 1536w\" sizes=\"(max-width: 1580px) 100vw, 1580px\" \/><\/figure>\n\n\n\n<figure class=\"wp-block-image size-large\"><img loading=\"lazy\" decoding=\"async\" width=\"1580\" height=\"1080\" data-id=\"268\" src=\"http:\/\/semnomeciateatro.com\/wp-content\/uploads\/2022\/08\/6.png\" alt=\"\" class=\"wp-image-268\" srcset=\"https:\/\/semnomeciateatro.com\/wp-content\/uploads\/2022\/08\/6.png 1580w, https:\/\/semnomeciateatro.com\/wp-content\/uploads\/2022\/08\/6-300x205.png 300w, https:\/\/semnomeciateatro.com\/wp-content\/uploads\/2022\/08\/6-1024x700.png 1024w, https:\/\/semnomeciateatro.com\/wp-content\/uploads\/2022\/08\/6-768x525.png 768w, https:\/\/semnomeciateatro.com\/wp-content\/uploads\/2022\/08\/6-1536x1050.png 1536w\" sizes=\"(max-width: 1580px) 100vw, 1580px\" \/><\/figure>\n\n\n\n<figure class=\"wp-block-image size-large\"><img loading=\"lazy\" decoding=\"async\" width=\"1580\" height=\"1080\" data-id=\"267\" src=\"http:\/\/semnomeciateatro.com\/wp-content\/uploads\/2022\/08\/5.png\" alt=\"\" class=\"wp-image-267\" srcset=\"https:\/\/semnomeciateatro.com\/wp-content\/uploads\/2022\/08\/5.png 1580w, https:\/\/semnomeciateatro.com\/wp-content\/uploads\/2022\/08\/5-300x205.png 300w, https:\/\/semnomeciateatro.com\/wp-content\/uploads\/2022\/08\/5-1024x700.png 1024w, https:\/\/semnomeciateatro.com\/wp-content\/uploads\/2022\/08\/5-768x525.png 768w, https:\/\/semnomeciateatro.com\/wp-content\/uploads\/2022\/08\/5-1536x1050.png 1536w\" sizes=\"(max-width: 1580px) 100vw, 1580px\" \/><\/figure>\n<\/figure>\n","protected":false},"excerpt":{"rendered":"<p>Utilize o menu superior para navegar e saber mais sobre nossos espet\u00e1culos, eventos, dentre outras informa\u00e7\u00f5es.<\/p>\n","protected":false},"author":1,"featured_media":0,"parent":0,"menu_order":0,"comment_status":"closed","ping_status":"closed","template":"","meta":{"content-type":"","om_disable_all_campaigns":false,"_monsterinsights_skip_tracking":false,"_monsterinsights_sitenote_active":false,"_monsterinsights_sitenote_note":"","_monsterinsights_sitenote_category":0,"site-sidebar-layout":"default","site-content-layout":"","ast-site-content-layout":"default","site-content-style":"default","site-sidebar-style":"default","ast-global-header-display":"","ast-banner-title-visibility":"","ast-main-header-display":"","ast-hfb-above-header-display":"","ast-hfb-below-header-display":"","ast-hfb-mobile-header-display":"","site-post-title":"disabled","ast-breadcrumbs-content":"","ast-featured-img":"","footer-sml-layout":"","ast-disable-related-posts":"","theme-transparent-header-meta":"","adv-header-id-meta":"","stick-header-meta":"","header-above-stick-meta":"","header-main-stick-meta":"","header-below-stick-meta":"","astra-migrate-meta-layouts":"default","ast-page-background-enabled":"default","ast-page-background-meta":{"desktop":{"background-color":"var(--ast-global-color-4)","background-image":"","background-repeat":"repeat","background-position":"center center","background-size":"auto","background-attachment":"scroll","background-type":"","background-media":"","overlay-type":"","overlay-color":"","overlay-opacity":"","overlay-gradient":""},"tablet":{"background-color":"","background-image":"","background-repeat":"repeat","background-position":"center center","background-size":"auto","background-attachment":"scroll","background-type":"","background-media":"","overlay-type":"","overlay-color":"","overlay-opacity":"","overlay-gradient":""},"mobile":{"background-color":"","background-image":"","background-repeat":"repeat","background-position":"center center","background-size":"auto","background-attachment":"scroll","background-type":"","background-media":"","overlay-type":"","overlay-color":"","overlay-opacity":"","overlay-gradient":""}},"ast-content-background-meta":{"desktop":{"background-color":"var(--ast-global-color-5)","background-image":"","background-repeat":"repeat","background-position":"center center","background-size":"auto","background-attachment":"scroll","background-type":"","background-media":"","overlay-type":"","overlay-color":"","overlay-opacity":"","overlay-gradient":""},"tablet":{"background-color":"var(--ast-global-color-5)","background-image":"","background-repeat":"repeat","background-position":"center center","background-size":"auto","background-attachment":"scroll","background-type":"","background-media":"","overlay-type":"","overlay-color":"","overlay-opacity":"","overlay-gradient":""},"mobile":{"background-color":"var(--ast-global-color-5)","background-image":"","background-repeat":"repeat","background-position":"center center","background-size":"auto","background-attachment":"scroll","background-type":"","background-media":"","overlay-type":"","overlay-color":"","overlay-opacity":"","overlay-gradient":""}},"footnotes":""},"class_list":["post-148","page","type-page","status-publish","hentry"],"aioseo_notices":[],"_links":{"self":[{"href":"https:\/\/semnomeciateatro.com\/index.php?rest_route=\/wp\/v2\/pages\/148","targetHints":{"allow":["GET"]}}],"collection":[{"href":"https:\/\/semnomeciateatro.com\/index.php?rest_route=\/wp\/v2\/pages"}],"about":[{"href":"https:\/\/semnomeciateatro.com\/index.php?rest_route=\/wp\/v2\/types\/page"}],"author":[{"embeddable":true,"href":"https:\/\/semnomeciateatro.com\/index.php?rest_route=\/wp\/v2\/users\/1"}],"replies":[{"embeddable":true,"href":"https:\/\/semnomeciateatro.com\/index.php?rest_route=%2Fwp%2Fv2%2Fcomments&post=148"}],"version-history":[{"count":17,"href":"https:\/\/semnomeciateatro.com\/index.php?rest_route=\/wp\/v2\/pages\/148\/revisions"}],"predecessor-version":[{"id":431,"href":"https:\/\/semnomeciateatro.com\/index.php?rest_route=\/wp\/v2\/pages\/148\/revisions\/431"}],"wp:attachment":[{"href":"https:\/\/semnomeciateatro.com\/index.php?rest_route=%2Fwp%2Fv2%2Fmedia&parent=148"}],"curies":[{"name":"wp","href":"https:\/\/api.w.org\/{rel}","templated":true}]}}